{"id":22,"date":"2025-08-19T11:23:30","date_gmt":"2025-08-19T11:23:30","guid":{"rendered":"https:\/\/www.enterprisearchitecture.se\/faq\/"},"modified":"2025-10-24T02:44:10","modified_gmt":"2025-10-24T00:44:10","slug":"fragor-och-svar","status":"publish","type":"page","link":"https:\/\/enterprisearchitecture.se\/sv\/start\/faq\/","title":{"rendered":"Fr\u00e5gor&amp;Svar"},"content":{"rendered":"<div class=\"wp-block-group alignfull has-background-background-color has-background has-global-padding is-layout-constrained wp-container-core-group-is-layout-7276a2bb wp-block-group-is-layout-constrained\" id=\"faq\" style=\"margin-top:0;margin-bottom:0;padding-top:var(--wp--preset--spacing--60);padding-right:var(--wp--preset--spacing--30);padding-bottom:var(--wp--preset--spacing--60);padding-left:var(--wp--preset--spacing--30)\">\n<div class=\"wp-block-group alignwide is-vertical is-layout-flex wp-container-core-group-is-layout-fe9cc265 wp-block-group-is-layout-flex\">\n<div class=\"wp-block-group alignwide has-global-padding is-content-justification-center is-layout-constrained wp-block-group-is-layout-constrained\">\n<h2 class=\"wp-block-heading has-large-font-size\">Anpassa IT-strategierna till aff\u00e4rsm\u00e5len<\/h2>\n\n\n\n<p style=\"margin-top:16px\">H\u00e4r hittar du tydliga och kortfattade svar p\u00e5 dina fr\u00e5gor om f\u00f6retagsarkitektur, utformade f\u00f6r att hj\u00e4lpa dig att enkelt navigera i v\u00e5ra insikter.<\/p>\n<\/div>\n<\/div>\n\n\n\n<div class=\"wp-block-columns alignwide is-layout-flex wp-container-core-columns-is-layout-47c06fe3 wp-block-columns-is-layout-flex\">\n<div class=\"wp-block-column is-layout-flow wp-block-column-is-layout-flow\">\n<h3 class=\"wp-block-heading\" style=\"font-size:clamp(14px, 0.875rem + ((1vw - 3.2px) * 0.625), 20px);line-height:1.5\">Vad \u00e4r f\u00f6retagsarkitektur och varf\u00f6r \u00e4r det viktigt?<\/h3>\n\n\n\n<p class=\"has-small-font-size\" style=\"margin-top:8px\">F\u00f6retagsarkitektur \u00e4r ett strategiskt ramverk som anpassar IT-initiativ till aff\u00e4rsm\u00e5l f\u00f6r att f\u00f6rb\u00e4ttra effektivitet och innovation.<\/p>\n<\/div>\n\n\n\n<div class=\"wp-block-column is-layout-flow wp-block-column-is-layout-flow\">\n<h3 class=\"wp-block-heading\" style=\"font-size:clamp(14px, 0.875rem + ((1vw - 3.2px) * 0.625), 20px);line-height:1.5\">Hur kan enterprisearkitektur f\u00f6rb\u00e4ttra organisationens effektivitet?<\/h3>\n\n\n\n<p class=\"has-small-font-size\" style=\"margin-top:8px\">Genom att effektivisera IT-processerna och fr\u00e4mja anpassningen till aff\u00e4rsm\u00e5len maximerar f\u00f6retagsarkitekturen resursutnyttjandet och minskar redundansen.<\/p>\n<\/div>\n<\/div>\n\n\n\n<div class=\"wp-block-columns alignwide is-layout-flex wp-container-core-columns-is-layout-47c06fe3 wp-block-columns-is-layout-flex\">\n<div class=\"wp-block-column is-layout-flow wp-block-column-is-layout-flow\">\n<h3 class=\"wp-block-heading\" style=\"font-size:clamp(14px, 0.875rem + ((1vw - 3.2px) * 0.625), 20px);line-height:1.5\">Vilka \u00e4r de viktigaste komponenterna i en framg\u00e5ngsrik enterprisearkitektur?<\/h3>\n\n\n\n<p class=\"has-small-font-size\" style=\"margin-top:8px\">Framg\u00e5ngsrik f\u00f6retagsarkitektur omfattar aff\u00e4rs-, data-, applikations- och teknikarkitektur som arbetar sammanh\u00e4ngande f\u00f6r att st\u00f6dja strategiska m\u00e5l.<\/p>\n<\/div>\n\n\n\n<div class=\"wp-block-column is-layout-flow wp-block-column-is-layout-flow\">\n<h3 class=\"wp-block-heading\" style=\"font-size:clamp(14px, 0.875rem + ((1vw - 3.2px) * 0.625), 20px);line-height:1.5\">Hur kommer jag ig\u00e5ng med att implementera f\u00f6retagsarkitektur?<\/h3>\n\n\n\n<p class=\"has-small-font-size\" style=\"margin-top:8px\">B\u00f6rja med att utv\u00e4rdera din nuvarande IT- och verksamhetsanpassning och ta sedan fram en f\u00e4rdplan som integrerar principer f\u00f6r f\u00f6retagsarkitektur som \u00e4r skr\u00e4ddarsydda f\u00f6r dina behov.<\/p>\n<\/div>\n<\/div>\n<\/div>\n\n\n\n<div class=\"wp-block-group alignfull has-tertiary-background-color has-background has-global-padding is-layout-constrained wp-container-core-group-is-layout-fb85e995 wp-block-group-is-layout-constrained\" id=\"about\" style=\"margin-top:0;margin-bottom:0;padding-top:var(--wp--preset--spacing--60);padding-right:var(--wp--preset--spacing--30);padding-bottom:var(--wp--preset--spacing--60);padding-left:var(--wp--preset--spacing--30)\">\n<h2 class=\"wp-block-heading has-text-align-center has-large-font-size\">Integrera IT-ramverk f\u00f6r att driva aff\u00e4rsframg\u00e5ngar<\/h2>\n\n\n\n<p class=\"has-text-align-center\" style=\"margin-top:16px\">Utforska hur Enterprise Architecture ger organisationer m\u00f6jlighet att synkronisera IT-initiativ med aff\u00e4rsprioriteringar, vilket m\u00f6jligg\u00f6r strategisk tillv\u00e4xt och h\u00e5llbar innovation.<\/p>\n\n\n\n<figure class=\"wp-block-image aligncenter size-large is-style-default\"><img loading=\"lazy\" decoding=\"async\" width=\"1080\" height=\"720\" src=\"https:\/\/enterprisearchitecture.se\/wp-content\/uploads\/2025\/08\/image-13.jpg\" alt=\"F\u00f6retagsarkitektur - integrationsverktyg\" class=\"wp-image-133\" style=\"aspect-ratio:16\/9;object-fit:cover\" srcset=\"https:\/\/enterprisearchitecture.se\/wp-content\/uploads\/2025\/08\/image-13.jpg 1080w, https:\/\/enterprisearchitecture.se\/wp-content\/uploads\/2025\/08\/image-13-300x200.jpg 300w, https:\/\/enterprisearchitecture.se\/wp-content\/uploads\/2025\/08\/image-13-1024x683.jpg 1024w, https:\/\/enterprisearchitecture.se\/wp-content\/uploads\/2025\/08\/image-13-768x512.jpg 768w\" sizes=\"auto, (max-width: 1080px) 100vw, 1080px\" \/><\/figure>\n<\/div>\n\n\n\n<div class=\"wp-block-group alignfull has-background-background-color has-background has-global-padding is-layout-constrained wp-container-core-group-is-layout-9b19db8b wp-block-group-is-layout-constrained\" style=\"margin-top:0;margin-bottom:0;padding-top:var(--wp--preset--spacing--60);padding-right:var(--wp--preset--spacing--30);padding-bottom:var(--wp--preset--spacing--60);padding-left:var(--wp--preset--spacing--30)\">\n<div class=\"wp-block-media-text alignwide has-media-on-the-right is-stacked-on-mobile is-vertically-aligned-center is-image-fill-element\" style=\"padding-right:0;padding-left:0;grid-template-columns:auto 40%\"><div class=\"wp-block-media-text__content\">\n<div class=\"wp-block-group has-global-padding is-content-justification-left is-layout-constrained wp-container-core-group-is-layout-cdff7eec wp-block-group-is-layout-constrained\" style=\"padding-top:var(--wp--preset--spacing--30);padding-right:0;padding-bottom:var(--wp--preset--spacing--30);padding-left:0\">\n<h2 class=\"wp-block-heading has-large-font-size\">Anpassa aff\u00e4rsm\u00e5len till IT-strategin<\/h2>\n\n\n\n<p style=\"margin-top:16px\">Prenumerera nu f\u00f6r att f\u00e5 expertinsikter och praktiska tips om f\u00f6retagsarkitektur.<\/p>\n\n\n\n<ul style=\"line-height:2\" class=\"wp-block-list has-small-font-size\">\n<li>Strategisk IT-inriktning<\/li>\n\n\n\n<li>Optimering av aff\u00e4rsprocesser<\/li>\n\n\n\n<li>Driva digital omvandling<\/li>\n\n\n\n<li>F\u00f6rb\u00e4ttrad operativ effektivitet<\/li>\n\n\n\n<li>Fr\u00e4mja innovationskultur<\/li>\n<\/ul>\n\n\n\n<div class=\"wp-block-buttons is-layout-flex wp-container-core-buttons-is-layout-12dcd427 wp-block-buttons-is-layout-flex\" style=\"margin-top:var(--wp--preset--spacing--40)\">\n<div class=\"wp-block-button\"><a class=\"wp-block-button__link wp-element-button\" href=\"https:\/\/enterprisearchitecture.se\/sv\/blog\/\">Uppt\u00e4ck insikter<\/a><\/div>\n<\/div>\n<\/div>\n<\/div><figure class=\"wp-block-media-text__media\"><img loading=\"lazy\" decoding=\"async\" width=\"1080\" height=\"720\" src=\"https:\/\/enterprisearchitecture.se\/wp-content\/uploads\/2025\/08\/image-14.jpg\" alt=\"Enterprise Architecture - klarg\u00f6r aff\u00e4rsm\u00e5len\" class=\"wp-image-134 size-full\" style=\"object-position:50% 50%\" srcset=\"https:\/\/enterprisearchitecture.se\/wp-content\/uploads\/2025\/08\/image-14.jpg 1080w, https:\/\/enterprisearchitecture.se\/wp-content\/uploads\/2025\/08\/image-14-300x200.jpg 300w, https:\/\/enterprisearchitecture.se\/wp-content\/uploads\/2025\/08\/image-14-1024x683.jpg 1024w, https:\/\/enterprisearchitecture.se\/wp-content\/uploads\/2025\/08\/image-14-768x512.jpg 768w\" sizes=\"auto, (max-width: 1080px) 100vw, 1080px\" \/><\/figure><\/div>\n<\/div>","protected":false},"excerpt":{"rendered":"<p>Aligning IT Strategies with Business Goals Find clear, concise answers to your enterprise architecture questions here, designed to help you navigate our insights with ease. What is enterprise architecture and why does it matter? Enterprise architecture is a strategic framework that aligns IT initiatives with business objectives to enhance efficiency and innovation. How can enterprise [&hellip;]<\/p>\n","protected":false},"author":2,"featured_media":0,"parent":23,"menu_order":0,"comment_status":"closed","ping_status":"closed","template":"page-with-title","meta":{"om_disable_all_campaigns":false,"_monsterinsights_skip_tracking":false,"_monsterinsights_sitenote_active":false,"_monsterinsights_sitenote_note":"","_monsterinsights_sitenote_category":0,"footnotes":""},"class_list":["post-22","page","type-page","status-publish","hentry"],"aioseo_notices":[],"_links":{"self":[{"href":"https:\/\/enterprisearchitecture.se\/sv\/wp-json\/wp\/v2\/pages\/22","targetHints":{"allow":["GET"]}}],"collection":[{"href":"https:\/\/enterprisearchitecture.se\/sv\/wp-json\/wp\/v2\/pages"}],"about":[{"href":"https:\/\/enterprisearchitecture.se\/sv\/wp-json\/wp\/v2\/types\/page"}],"author":[{"embeddable":true,"href":"https:\/\/enterprisearchitecture.se\/sv\/wp-json\/wp\/v2\/users\/2"}],"replies":[{"embeddable":true,"href":"https:\/\/enterprisearchitecture.se\/sv\/wp-json\/wp\/v2\/comments?post=22"}],"version-history":[{"count":2,"href":"https:\/\/enterprisearchitecture.se\/sv\/wp-json\/wp\/v2\/pages\/22\/revisions"}],"predecessor-version":[{"id":318,"href":"https:\/\/enterprisearchitecture.se\/sv\/wp-json\/wp\/v2\/pages\/22\/revisions\/318"}],"up":[{"embeddable":true,"href":"https:\/\/enterprisearchitecture.se\/sv\/wp-json\/wp\/v2\/pages\/23"}],"wp:attachment":[{"href":"https:\/\/enterprisearchitecture.se\/sv\/wp-json\/wp\/v2\/media?parent=22"}],"curies":[{"name":"wp","href":"https:\/\/api.w.org\/{rel}","templated":true}]}}