{"id":93,"date":"2025-08-19T14:00:55","date_gmt":"2025-08-19T12:00:55","guid":{"rendered":"https:\/\/enterprisearchitecture.se\/?page_id=93"},"modified":"2025-10-24T02:44:19","modified_gmt":"2025-10-24T00:44:19","slug":"synlighet-for-data","status":"publish","type":"page","link":"https:\/\/enterprisearchitecture.se\/sv\/start\/data-visibility\/","title":{"rendered":"Synligg\u00f6rande av data"},"content":{"rendered":"<div class=\"wp-block-group alignfull has-background-background-color has-background has-global-padding is-layout-constrained wp-container-core-group-is-layout-fb85e995 wp-block-group-is-layout-constrained\" style=\"margin-top:0;margin-bottom:0;padding-top:var(--wp--preset--spacing--60);padding-right:var(--wp--preset--spacing--30);padding-bottom:var(--wp--preset--spacing--60);padding-left:var(--wp--preset--spacing--30)\">\n<div class=\"wp-block-columns alignwide are-vertically-aligned-center is-layout-flex wp-container-core-columns-is-layout-cbe57604 wp-block-columns-is-layout-flex\">\n<div class=\"wp-block-column is-vertically-aligned-center is-layout-flow wp-block-column-is-layout-flow\">\n<figure class=\"wp-block-image\"><img loading=\"lazy\" decoding=\"async\" width=\"1440\" height=\"957\" class=\"wp-image-336\" src=\"https:\/\/enterprisearchitecture.se\/wp-content\/uploads\/2025\/10\/f7e1747fbd2a98e911455d858d4e29c142923176.jpg\" alt=\"F\u00f6retagsarkitektur - Dataklarhet\" style=\"aspect-ratio:1;object-fit:cover\" srcset=\"https:\/\/enterprisearchitecture.se\/wp-content\/uploads\/2025\/10\/f7e1747fbd2a98e911455d858d4e29c142923176.jpg 1440w, https:\/\/enterprisearchitecture.se\/wp-content\/uploads\/2025\/10\/f7e1747fbd2a98e911455d858d4e29c142923176-300x199.jpg 300w, https:\/\/enterprisearchitecture.se\/wp-content\/uploads\/2025\/10\/f7e1747fbd2a98e911455d858d4e29c142923176-1024x681.jpg 1024w, https:\/\/enterprisearchitecture.se\/wp-content\/uploads\/2025\/10\/f7e1747fbd2a98e911455d858d4e29c142923176-768x510.jpg 768w, https:\/\/enterprisearchitecture.se\/wp-content\/uploads\/2025\/10\/f7e1747fbd2a98e911455d858d4e29c142923176-18x12.jpg 18w\" sizes=\"auto, (max-width: 1440px) 100vw, 1440px\" \/><\/figure>\n<\/div>\n\n\n\n<div class=\"wp-block-column is-vertically-aligned-center is-layout-flow wp-block-column-is-layout-flow\">\n<div class=\"wp-block-group alignwide has-global-padding is-content-justification-left is-layout-constrained wp-container-core-group-is-layout-9bb5df40 wp-block-group-is-layout-constrained\" style=\"margin-bottom:var(--wp--preset--spacing--40)\">\n<h2 class=\"wp-block-heading has-large-font-size\">Upplev f\u00f6rb\u00e4ttrad datatydlighet och insikter<\/h2>\n\n\n\n<p style=\"margin-top:16px\">Uppt\u00e4ck hur enterpriserkitektur f\u00f6rb\u00e4ttrar datasynlighet och datakompetens, vilket g\u00f6r det m\u00f6jligt f\u00f6r organisationer att f\u00e5 tillg\u00e5ng till och f\u00f6rst\u00e5 information p\u00e5 ett effektivt s\u00e4tt f\u00f6r smartare beslut och strategisk tillv\u00e4xt.<\/p>\n<\/div>\n\n\n\n<ul class=\"wp-block-list\">\n<li>Underl\u00e4ttar s\u00f6ml\u00f6s \u00e5tkomst till kritisk organisationsdata<\/li>\n\n\n\n<li>St\u00e4rker teamen med f\u00f6rb\u00e4ttrad datakunskap och f\u00f6rst\u00e5else<\/li>\n\n\n\n<li>M\u00f6jligg\u00f6r informerat beslutsfattande i linje med aff\u00e4rsm\u00e5len<\/li>\n\n\n\n<li>St\u00f6djer strategisk anpassning genom omfattande informationsfl\u00f6de<\/li>\n<\/ul>\n\n\n\n<div class=\"wp-block-buttons is-content-justification-left is-layout-flex wp-container-core-buttons-is-layout-74c0a6e9 wp-block-buttons-is-layout-flex\" style=\"margin-top:var(--wp--preset--spacing--40)\">\n<div class=\"wp-block-button has-custom-width wp-block-button__width-100\"><a class=\"wp-block-button__link wp-element-button\" href=\"#\">L\u00e4r dig mer<\/a><\/div>\n<\/div>\n<\/div>\n<\/div>\n<\/div>\n\n\n\n<div class=\"wp-block-group alignfull has-tertiary-background-color has-background has-global-padding is-layout-constrained wp-container-core-group-is-layout-fb85e995 wp-block-group-is-layout-constrained\" style=\"margin-top:0;margin-bottom:0;padding-top:var(--wp--preset--spacing--60);padding-right:var(--wp--preset--spacing--30);padding-bottom:var(--wp--preset--spacing--60);padding-left:var(--wp--preset--spacing--30)\">\n<div class=\"wp-block-group alignwide has-global-padding is-content-justification-center is-layout-constrained wp-block-group-is-layout-constrained\">\n<h2 class=\"wp-block-heading has-text-align-center has-large-font-size\">F\u00f6rb\u00e4ttrad insikt f\u00f6r v\u00e4lgrundade f\u00f6retagsbeslut<\/h2>\n\n\n\n<p class=\"has-text-align-center\" style=\"margin-top:16px\">Uppt\u00e4ck vanliga datautmaningar och hur Enterprise Architecture ger organisationer m\u00f6jlighet att uppn\u00e5 klarhet och strategisk anpassning.<\/p>\n<\/div>\n\n\n\n<div class=\"wp-block-group alignwide has-global-padding is-layout-constrained wp-container-core-group-is-layout-3208a904 wp-block-group-is-layout-constrained\">\n<figure class=\"wp-block-image\"><img loading=\"lazy\" decoding=\"async\" width=\"1440\" height=\"960\" class=\"wp-image-337\" src=\"https:\/\/enterprisearchitecture.se\/wp-content\/uploads\/2025\/10\/6f9fac6aae1e0efb134800262b9376174fa7795f.jpg\" alt=\"F\u00f6retagsarkitektur - M\u00e4tningar\" style=\"aspect-ratio:16\/9;object-fit:cover\" srcset=\"https:\/\/enterprisearchitecture.se\/wp-content\/uploads\/2025\/10\/6f9fac6aae1e0efb134800262b9376174fa7795f.jpg 1440w, https:\/\/enterprisearchitecture.se\/wp-content\/uploads\/2025\/10\/6f9fac6aae1e0efb134800262b9376174fa7795f-300x200.jpg 300w, https:\/\/enterprisearchitecture.se\/wp-content\/uploads\/2025\/10\/6f9fac6aae1e0efb134800262b9376174fa7795f-1024x683.jpg 1024w, https:\/\/enterprisearchitecture.se\/wp-content\/uploads\/2025\/10\/6f9fac6aae1e0efb134800262b9376174fa7795f-768x512.jpg 768w, https:\/\/enterprisearchitecture.se\/wp-content\/uploads\/2025\/10\/6f9fac6aae1e0efb134800262b9376174fa7795f-18x12.jpg 18w\" sizes=\"auto, (max-width: 1440px) 100vw, 1440px\" \/><\/figure>\n<\/div>\n\n\n\n<hr class=\"wp-block-separator alignwide has-text-color has-alpha-channel-opacity has-background is-style-wide\" style=\"margin-top:var(--wp--preset--spacing--50);margin-bottom:var(--wp--preset--spacing--50);background-color:#7b7b7b26;color:#7b7b7b26\"\/>\n\n\n\n<div class=\"wp-block-columns alignwide is-layout-flex wp-container-core-columns-is-layout-08c01c1c wp-block-columns-is-layout-flex\">\n<div class=\"wp-block-column is-layout-flow wp-block-column-is-layout-flow\">\n<div class=\"wp-block-group has-global-padding is-layout-constrained wp-block-group-is-layout-constrained\">\n<h3 class=\"wp-block-heading has-text-align-center\" style=\"font-size:clamp(0.875rem, 0.875rem + ((1vw - 0.2rem) * 0.625), 1.25rem);\">Enhetlig data\u00e5tkomst<\/h3>\n\n\n\n<p class=\"has-text-align-center has-small-font-size\" style=\"margin-top:8px\">M\u00f6jligg\u00f6ra s\u00f6ml\u00f6s integration mellan system f\u00f6r att snabbt och korrekt ge en helt\u00e4ckande bild av organisationsinformation.<\/p>\n<\/div>\n<\/div>\n\n\n\n<div class=\"wp-block-column is-layout-flow wp-block-column-is-layout-flow\">\n<div class=\"wp-block-group has-global-padding is-layout-constrained wp-block-group-is-layout-constrained\">\n<h3 class=\"wp-block-heading has-text-align-center\" style=\"font-size:clamp(0.875rem, 0.875rem + ((1vw - 0.2rem) * 0.625), 1.25rem);\">F\u00f6rb\u00e4ttrad datakompetens<\/h3>\n\n\n\n<p class=\"has-text-align-center has-small-font-size\" style=\"margin-top:8px\">Underl\u00e4tta f\u00f6rst\u00e5elsen av komplexa data genom tydliga ramverk som ger teamen m\u00f6jlighet att fatta s\u00e4kra, datadrivna beslut.<\/p>\n<\/div>\n<\/div>\n\n\n\n<div class=\"wp-block-column is-layout-flow wp-block-column-is-layout-flow\">\n<div class=\"wp-block-group has-global-padding is-layout-constrained wp-block-group-is-layout-constrained\">\n<h3 class=\"wp-block-heading has-text-align-center\" style=\"font-size:clamp(0.875rem, 0.875rem + ((1vw - 0.2rem) * 0.625), 1.25rem);\">Strategisk anpassning<\/h3>\n\n\n\n<p class=\"has-text-align-center has-small-font-size\" style=\"margin-top:8px\">Omvandla spridda insikter till handlingsbara strategier och se till att varje avdelning arbetar effektivt mot gemensamma aff\u00e4rsm\u00e5l.<\/p>\n<\/div>\n<\/div>\n<\/div>\n<\/div>\n\n\n\n<div class=\"wp-block-group alignfull has-background-background-color has-background has-global-padding is-layout-constrained wp-container-core-group-is-layout-7276a2bb wp-block-group-is-layout-constrained\" style=\"margin-top:0;margin-bottom:0;padding-top:var(--wp--preset--spacing--60);padding-right:var(--wp--preset--spacing--30);padding-bottom:var(--wp--preset--spacing--60);padding-left:var(--wp--preset--spacing--30)\">\n<div class=\"wp-block-columns alignwide is-layout-flex wp-container-core-columns-is-layout-f3a7ff92 wp-block-columns-is-layout-flex\">\n<div class=\"wp-block-column is-layout-flow wp-block-column-is-layout-flow\">\n<h3 class=\"wp-block-heading has-text-align-center has-primary-color has-text-color has-x-large-font-size\">8<\/h3>\n\n\n\n<h3 class=\"wp-block-heading has-text-align-center has-medium-font-size\" style=\"margin-top:16px\">Tillg\u00e5ng till data<\/h3>\n<\/div>\n\n\n\n<div class=\"wp-block-column is-layout-flow wp-block-column-is-layout-flow\">\n<h3 class=\"wp-block-heading has-text-align-center has-primary-color has-text-color has-x-large-font-size\">9<\/h3>\n\n\n\n<h3 class=\"wp-block-heading has-text-align-center has-medium-font-size\" style=\"margin-top:16px\">Insikt Djup<\/h3>\n<\/div>\n\n\n\n<div class=\"wp-block-column is-layout-flow wp-block-column-is-layout-flow\">\n<h3 class=\"wp-block-heading has-text-align-center has-primary-color has-text-color has-x-large-font-size\">7<\/h3>\n\n\n\n<h3 class=\"wp-block-heading has-text-align-center has-medium-font-size\" style=\"margin-top:16px\">Klarhet i beslut<\/h3>\n<\/div>\n\n\n\n<div class=\"wp-block-column is-layout-flow wp-block-column-is-layout-flow\">\n<h3 class=\"wp-block-heading has-text-align-center has-primary-color has-text-color has-x-large-font-size\">11<\/h3>\n\n\n\n<h3 class=\"wp-block-heading has-text-align-center has-medium-font-size\" style=\"margin-top:16px\">Strategisk r\u00e4ckvidd<\/h3>\n<\/div>\n<\/div>\n<\/div>\n\n\n\n<div class=\"wp-block-group alignfull has-tertiary-background-color has-background has-global-padding is-layout-constrained wp-container-core-group-is-layout-7276a2bb wp-block-group-is-layout-constrained\" style=\"margin-top:0;margin-bottom:0;padding-top:var(--wp--preset--spacing--60);padding-right:var(--wp--preset--spacing--30);padding-bottom:var(--wp--preset--spacing--60);padding-left:var(--wp--preset--spacing--30)\">\n<div class=\"wp-block-columns alignwide is-layout-flex wp-container-core-columns-is-layout-28f84493 wp-block-columns-is-layout-flex\">\n<div class=\"wp-block-column is-layout-flow wp-container-core-column-is-layout-119bc444 wp-block-column-is-layout-flow\">\n<h2 class=\"wp-block-heading has-large-font-size\">F\u00f6rst\u00e5else f\u00f6r datasynlighet<\/h2>\n\n\n\n<p style=\"margin-top:16px\">Uppt\u00e4ck hur Enterprise Architecture g\u00f6r det m\u00f6jligt f\u00f6r organisationer att f\u00e5 tillg\u00e5ng till, tolka och utnyttja data effektivt f\u00f6r smartare beslutsfattande och strategisk tillv\u00e4xt.<\/p>\n\n\n\n<div class=\"wp-block-buttons is-content-justification-left is-layout-flex wp-container-core-buttons-is-layout-fc4fd283 wp-block-buttons-is-layout-flex\">\n<div class=\"wp-block-button is-style-fill\"><a class=\"wp-block-button__link wp-element-button\" href=\"#\">L\u00e4r dig mer<\/a><\/div>\n<\/div>\n<\/div>\n\n\n\n<div class=\"wp-block-column is-layout-flow wp-container-core-column-is-layout-8a368f38 wp-block-column-is-layout-flow\">\n<div class=\"wp-block-columns is-layout-flex wp-container-core-columns-is-layout-28f84493 wp-block-columns-is-layout-flex\">\n<div class=\"wp-block-column is-vertically-aligned-stretch is-layout-flow wp-container-core-column-is-layout-8a368f38 wp-block-column-is-layout-flow\" style=\"flex-basis:48px\">\n<div class=\"wp-block-group has-global-padding is-layout-constrained wp-container-core-group-is-layout-4b2ef9fa wp-block-group-is-layout-constrained\">\n<div class=\"wp-block-group is-vertical is-content-justification-center is-nowrap is-layout-flex wp-container-core-group-is-layout-22bbd74c wp-block-group-is-layout-flex\" style=\"border-width:1px;border-radius:20rem;min-height:48px;padding-top:var(--wp--preset--spacing--20);padding-right:var(--wp--preset--spacing--20);padding-bottom:var(--wp--preset--spacing--20);padding-left:var(--wp--preset--spacing--20)\">\n<p class=\"has-small-font-size\" style=\"font-style:normal;font-weight:500;line-height:1\">1<\/p>\n<\/div>\n<\/div>\n\n\n\n<div class=\"wp-block-group has-global-padding is-layout-constrained wp-container-core-group-is-layout-aeac42b8 wp-block-group-is-layout-constrained\" style=\"min-height:100%\">\n<div class=\"wp-block-group has-foreground-background-color has-background is-vertical is-layout-flex wp-container-core-group-is-layout-2be940f7 wp-block-group-is-layout-flex\" style=\"min-height:100%;padding-top:0;padding-right:0.03rem;padding-bottom:0;padding-left:0.03rem\">\n<div style=\"height:0px\" aria-hidden=\"true\" class=\"wp-block-spacer wp-container-content-759e20a8\"><\/div>\n<\/div>\n<\/div>\n<\/div>\n\n\n\n<div class=\"wp-block-column is-layout-flow wp-block-column-is-layout-flow\">\n<h3 class=\"wp-block-heading\" style=\"font-size:clamp(0.984rem, 0.984rem + ((1vw - 0.2rem) * 0.86), 1.5rem);line-height:1.5\">Steg ett: F\u00f6rb\u00e4ttrad tillg\u00e5ng till data<\/h3>\n\n\n\n<p class=\"has-small-font-size\" style=\"margin-top:8px\">B\u00f6rja med att skapa tydliga datav\u00e4gar som ger smidig tillg\u00e5ng till relevant information p\u00e5 alla avdelningar.<\/p>\n<\/div>\n<\/div>\n\n\n\n<div class=\"wp-block-columns is-layout-flex wp-container-core-columns-is-layout-28f84493 wp-block-columns-is-layout-flex\">\n<div class=\"wp-block-column is-vertically-aligned-stretch is-layout-flow wp-container-core-column-is-layout-8a368f38 wp-block-column-is-layout-flow\" style=\"flex-basis:48px\">\n<div class=\"wp-block-group has-global-padding is-layout-constrained wp-container-core-group-is-layout-4b2ef9fa wp-block-group-is-layout-constrained\">\n<div class=\"wp-block-group is-vertical is-content-justification-center is-nowrap is-layout-flex wp-container-core-group-is-layout-22bbd74c wp-block-group-is-layout-flex\" style=\"border-width:1px;border-radius:20rem;min-height:48px;padding-top:var(--wp--preset--spacing--20);padding-right:var(--wp--preset--spacing--20);padding-bottom:var(--wp--preset--spacing--20);padding-left:var(--wp--preset--spacing--20)\">\n<p class=\"has-small-font-size\" style=\"font-style:normal;font-weight:500;line-height:1\">2<\/p>\n<\/div>\n<\/div>\n\n\n\n<div class=\"wp-block-group has-global-padding is-layout-constrained wp-container-core-group-is-layout-aeac42b8 wp-block-group-is-layout-constrained\" style=\"min-height:100%\">\n<div class=\"wp-block-group has-foreground-background-color has-background has-global-padding is-layout-constrained wp-container-core-group-is-layout-d9cda1d1 wp-block-group-is-layout-constrained\" style=\"min-height:100%;padding-top:0;padding-right:0.03rem;padding-bottom:0;padding-left:0.03rem\">\n<div style=\"height:100px\" aria-hidden=\"true\" class=\"wp-block-spacer\"><\/div>\n<\/div>\n<\/div>\n<\/div>\n\n\n\n<div class=\"wp-block-column is-layout-flow wp-block-column-is-layout-flow\">\n<h3 class=\"wp-block-heading\" style=\"font-size:clamp(0.984rem, 0.984rem + ((1vw - 0.2rem) * 0.86), 1.5rem);line-height:1.5\">Steg tv\u00e5: Bygga upp datakompetens<\/h3>\n\n\n\n<p class=\"has-small-font-size\" style=\"margin-top:8px\">Utveckla f\u00e4rdigheter och ramverk som g\u00f6r det m\u00f6jligt f\u00f6r team att f\u00f6rst\u00e5 och anv\u00e4nda data p\u00e5 ett effektivt s\u00e4tt f\u00f6r att st\u00f6dja organisationens m\u00e5l.<\/p>\n<\/div>\n<\/div>\n\n\n\n<div class=\"wp-block-columns is-layout-flex wp-container-core-columns-is-layout-28f84493 wp-block-columns-is-layout-flex\">\n<div class=\"wp-block-column is-vertically-aligned-stretch is-layout-flow wp-container-core-column-is-layout-8a368f38 wp-block-column-is-layout-flow\" style=\"flex-basis:48px\">\n<div class=\"wp-block-group has-global-padding is-layout-constrained wp-container-core-group-is-layout-4b2ef9fa wp-block-group-is-layout-constrained\">\n<div class=\"wp-block-group is-vertical is-content-justification-center is-nowrap is-layout-flex wp-container-core-group-is-layout-22bbd74c wp-block-group-is-layout-flex\" style=\"border-width:1px;border-radius:20rem;min-height:48px;padding-top:var(--wp--preset--spacing--20);padding-right:var(--wp--preset--spacing--20);padding-bottom:var(--wp--preset--spacing--20);padding-left:var(--wp--preset--spacing--20)\">\n<p class=\"has-small-font-size\" style=\"font-style:normal;font-weight:500;line-height:1\">3<\/p>\n<\/div>\n<\/div>\n<\/div>\n\n\n\n<div class=\"wp-block-column is-layout-flow wp-block-column-is-layout-flow\">\n<h3 class=\"wp-block-heading\" style=\"font-size:clamp(0.984rem, 0.984rem + ((1vw - 0.2rem) * 0.86), 1.5rem);line-height:1.5\">Steg tre: Driva strategisk anpassning<\/h3>\n\n\n\n<p class=\"has-small-font-size\" style=\"margin-top:8px\">Utnyttja f\u00f6rb\u00e4ttrade datainsikter f\u00f6r att anpassa aff\u00e4rsstrategier, f\u00f6rb\u00e4ttra beslutskvaliteten och fr\u00e4mja kontinuerlig organisatorisk tillv\u00e4xt.<\/p>\n<\/div>\n<\/div>\n<\/div>\n<\/div>\n<\/div>\n\n\n\n<div class=\"wp-block-group alignfull has-background-background-color has-background has-global-padding is-layout-constrained wp-container-core-group-is-layout-fb85e995 wp-block-group-is-layout-constrained\" style=\"margin-top:0;margin-bottom:0;padding-top:var(--wp--preset--spacing--60);padding-right:var(--wp--preset--spacing--30);padding-bottom:var(--wp--preset--spacing--60);padding-left:var(--wp--preset--spacing--30)\">\n<div class=\"wp-block-group alignwide has-global-padding is-content-justification-center is-layout-constrained wp-block-group-is-layout-constrained\">\n<h2 class=\"wp-block-heading has-text-align-center has-large-font-size\">Inspirerande insikter fr\u00e5n ledare inom enterpriserkitektur<\/h2>\n\n\n\n<p class=\"has-text-align-center\" style=\"margin-top:16px\">Uppt\u00e4ck de viktigaste stegen f\u00f6r att f\u00f6rb\u00e4ttra datasynlighet och datakompetens, vilket ger din organisation m\u00f6jlighet att fatta v\u00e4lgrundade, strategiska beslut.<\/p>\n<\/div>\n\n\n\n<div class=\"wp-block-buttons is-content-justification-center is-layout-flex wp-container-core-buttons-is-layout-d62ed776 wp-block-buttons-is-layout-flex\" style=\"margin-top:var(--wp--preset--spacing--40);margin-bottom:var(--wp--preset--spacing--50)\">\n<div class=\"wp-block-button is-style-fill\"><a class=\"wp-block-button__link wp-element-button\" href=\"#\">L\u00e4r dig mer<\/a><\/div>\n<\/div>\n\n\n\n<div class=\"wp-block-media-text alignwide is-stacked-on-mobile is-image-fill-element has-tertiary-background-color has-background\"><figure class=\"wp-block-media-text__media\"><img loading=\"lazy\" decoding=\"async\" width=\"1024\" height=\"1024\" src=\"https:\/\/enterprisearchitecture.se\/wp-content\/uploads\/2025\/09\/PelleEriksson.jpg\" alt=\"F\u00f6retagsarkitekt Pelle Eriksson\" class=\"wp-image-197 size-full\" style=\"object-position:50% 50%\" srcset=\"https:\/\/enterprisearchitecture.se\/wp-content\/uploads\/2025\/09\/PelleEriksson.jpg 1024w, https:\/\/enterprisearchitecture.se\/wp-content\/uploads\/2025\/09\/PelleEriksson-300x300.jpg 300w, https:\/\/enterprisearchitecture.se\/wp-content\/uploads\/2025\/09\/PelleEriksson-150x150.jpg 150w, https:\/\/enterprisearchitecture.se\/wp-content\/uploads\/2025\/09\/PelleEriksson-768x768.jpg 768w, https:\/\/enterprisearchitecture.se\/wp-content\/uploads\/2025\/09\/PelleEriksson-12x12.jpg 12w\" sizes=\"auto, (max-width: 1024px) 100vw, 1024px\" \/><\/figure><div class=\"wp-block-media-text__content\">\n<div class=\"wp-block-group has-global-padding is-layout-constrained wp-block-group-is-layout-constrained\" style=\"padding-top:var(--wp--preset--spacing--60);padding-bottom:var(--wp--preset--spacing--60)\">\n<h3 class=\"wp-block-heading has-large-font-size\">Hur enterpriserkitektur driver strategisk anpassning<\/h3>\n\n\n\n<p style=\"margin-top:16px\">Denna fallstudie visar hur en organisation f\u00f6rb\u00e4ttrade tillg\u00e5ngen till och f\u00f6rst\u00e5elsen f\u00f6r data genom enterpriserkitektur, vilket resulterade i b\u00e4ttre beslutsfattande och operativ framg\u00e5ng.<\/p>\n<\/div>\n<\/div><\/div>\n\n\n\n<div class=\"wp-block-media-text alignwide has-media-on-the-right is-stacked-on-mobile is-image-fill-element has-tertiary-background-color has-background\"><div class=\"wp-block-media-text__content\">\n<div class=\"wp-block-group has-global-padding is-content-justification-center is-layout-constrained wp-block-group-is-layout-constrained\" style=\"padding-top:var(--wp--preset--spacing--60);padding-bottom:var(--wp--preset--spacing--60)\">\n<h3 class=\"wp-block-heading has-large-font-size\">Optimering av datasynlighet f\u00f6r konkurrensf\u00f6rdelar<\/h3>\n\n\n\n<p style=\"margin-top:16px\">Den h\u00e4r fallstudien beskriver hur ett f\u00f6retag anv\u00e4nde enterpriserkitektur f\u00f6r att f\u00f6rb\u00e4ttra datatransparensen, minska ineffektiviteten och skala upp sina initiativ p\u00e5 ett s\u00e4kert s\u00e4tt.<\/p>\n<\/div>\n<\/div><figure class=\"wp-block-media-text__media\"><img loading=\"lazy\" decoding=\"async\" width=\"1024\" height=\"1024\" src=\"https:\/\/enterprisearchitecture.se\/wp-content\/uploads\/2025\/09\/image6-1024x1024-1.jpg\" alt=\"F\u00f6retagsarkitekt Sandra Engstr\u00f6m\" class=\"wp-image-195 size-full\" style=\"object-position:50% 50%\" srcset=\"https:\/\/enterprisearchitecture.se\/wp-content\/uploads\/2025\/09\/image6-1024x1024-1.jpg 1024w, https:\/\/enterprisearchitecture.se\/wp-content\/uploads\/2025\/09\/image6-1024x1024-1-300x300.jpg 300w, https:\/\/enterprisearchitecture.se\/wp-content\/uploads\/2025\/09\/image6-1024x1024-1-150x150.jpg 150w, https:\/\/enterprisearchitecture.se\/wp-content\/uploads\/2025\/09\/image6-1024x1024-1-768x768.jpg 768w, https:\/\/enterprisearchitecture.se\/wp-content\/uploads\/2025\/09\/image6-1024x1024-1-12x12.jpg 12w\" sizes=\"auto, (max-width: 1024px) 100vw, 1024px\" \/><\/figure><\/div>\n\n\n\n<div class=\"wp-block-media-text alignwide is-stacked-on-mobile is-image-fill-element has-tertiary-background-color has-background\"><figure class=\"wp-block-media-text__media\"><img loading=\"lazy\" decoding=\"async\" width=\"1280\" height=\"1920\" class=\"wp-image-329 size-full\" src=\"https:\/\/enterprisearchitecture.se\/wp-content\/uploads\/2025\/10\/cc2297ed0d976c37cbd460dfe1eedc430439fd68.jpg\" alt=\"F\u00f6retagsarkitektur - Ewa\" style=\"object-position:50% 50%\" srcset=\"https:\/\/enterprisearchitecture.se\/wp-content\/uploads\/2025\/10\/cc2297ed0d976c37cbd460dfe1eedc430439fd68.jpg 1280w, https:\/\/enterprisearchitecture.se\/wp-content\/uploads\/2025\/10\/cc2297ed0d976c37cbd460dfe1eedc430439fd68-200x300.jpg 200w, https:\/\/enterprisearchitecture.se\/wp-content\/uploads\/2025\/10\/cc2297ed0d976c37cbd460dfe1eedc430439fd68-683x1024.jpg 683w, https:\/\/enterprisearchitecture.se\/wp-content\/uploads\/2025\/10\/cc2297ed0d976c37cbd460dfe1eedc430439fd68-768x1152.jpg 768w, https:\/\/enterprisearchitecture.se\/wp-content\/uploads\/2025\/10\/cc2297ed0d976c37cbd460dfe1eedc430439fd68-1024x1536.jpg 1024w, https:\/\/enterprisearchitecture.se\/wp-content\/uploads\/2025\/10\/cc2297ed0d976c37cbd460dfe1eedc430439fd68-8x12.jpg 8w\" sizes=\"auto, (max-width: 1280px) 100vw, 1280px\" \/><\/figure><div class=\"wp-block-media-text__content\">\n<div class=\"wp-block-group has-global-padding is-content-justification-center is-layout-constrained wp-block-group-is-layout-constrained\" style=\"padding-top:var(--wp--preset--spacing--60);padding-bottom:var(--wp--preset--spacing--60)\">\n<h3 class=\"wp-block-heading has-large-font-size\">H\u00e5llbar tillv\u00e4xt genom f\u00f6rb\u00e4ttrad datakompetens<\/h3>\n\n\n\n<p style=\"margin-top:16px\">Utforska hur en organisation \u00f6vervann datautmaningar genom att anta enterpriserkitektur och l\u00e5sa upp insikter som gav upphov till exceptionell prestanda.<\/p>\n<\/div>\n<\/div><\/div>\n<\/div>","protected":false},"excerpt":{"rendered":"<p>Experience Enhanced Data Clarity and Insights Discover how Enterprise Architecture improves data visibility and literacy, enabling organizations to access and comprehend information effectively for smarter decisions and strategic growth. Enhancing Insight for Informed Enterprise Decisions Discover common data challenges and how Enterprise Architecture empowers organizations to achieve clarity and strategic alignment. Unified Data Access Enabling [&hellip;]<\/p>\n","protected":false},"author":2,"featured_media":0,"parent":23,"menu_order":0,"comment_status":"closed","ping_status":"closed","template":"page-with-title","meta":{"om_disable_all_campaigns":false,"_monsterinsights_skip_tracking":false,"_monsterinsights_sitenote_active":false,"_monsterinsights_sitenote_note":"","_monsterinsights_sitenote_category":0,"footnotes":""},"class_list":["post-93","page","type-page","status-publish","hentry"],"aioseo_notices":[],"_links":{"self":[{"href":"https:\/\/enterprisearchitecture.se\/sv\/wp-json\/wp\/v2\/pages\/93","targetHints":{"allow":["GET"]}}],"collection":[{"href":"https:\/\/enterprisearchitecture.se\/sv\/wp-json\/wp\/v2\/pages"}],"about":[{"href":"https:\/\/enterprisearchitecture.se\/sv\/wp-json\/wp\/v2\/types\/page"}],"author":[{"embeddable":true,"href":"https:\/\/enterprisearchitecture.se\/sv\/wp-json\/wp\/v2\/users\/2"}],"replies":[{"embeddable":true,"href":"https:\/\/enterprisearchitecture.se\/sv\/wp-json\/wp\/v2\/comments?post=93"}],"version-history":[{"count":2,"href":"https:\/\/enterprisearchitecture.se\/sv\/wp-json\/wp\/v2\/pages\/93\/revisions"}],"predecessor-version":[{"id":338,"href":"https:\/\/enterprisearchitecture.se\/sv\/wp-json\/wp\/v2\/pages\/93\/revisions\/338"}],"up":[{"embeddable":true,"href":"https:\/\/enterprisearchitecture.se\/sv\/wp-json\/wp\/v2\/pages\/23"}],"wp:attachment":[{"href":"https:\/\/enterprisearchitecture.se\/sv\/wp-json\/wp\/v2\/media?parent=93"}],"curies":[{"name":"wp","href":"https:\/\/api.w.org\/{rel}","templated":true}]}}